{"id":687,"date":"2025-12-09T09:01:19","date_gmt":"2025-12-09T09:01:19","guid":{"rendered":"https:\/\/gitepontdecrillon.com\/terms-and-conditions-of-use\/"},"modified":"2026-03-12T12:40:58","modified_gmt":"2026-03-12T12:40:58","slug":"terms-and-conditions-of-use","status":"publish","type":"page","link":"https:\/\/gitepontdecrillon.com\/en\/terms-and-conditions-of-use\/","title":{"rendered":"Terms and Conditions of Use"},"content":{"rendered":"\n<h2 class=\"wp-block-heading\"><strong>1. Purpose<\/strong><\/h2>\n\n<p>These Terms of Use govern the use of the <em>G\u00eete Pont de Crillon<\/em> website. <br\/>By browsing the site, you fully accept these terms and conditions.<\/p>\n\n<h2 class=\"wp-block-heading\"><strong>2. Access to the site<\/strong><\/h2>\n\n<p>Le site est accessible 24h\/24 et 7j\/7, sauf en cas de maintenance ou d\u2019\u00e9v\u00e9nement ind\u00e9pendant de notre volont\u00e9.<br\/>The G\u00eete Pont de Crillon cannot guarantee that there will be no interruptions.<\/p>\n\n<h2 class=\"wp-block-heading\"><strong>3. Website content<\/strong><\/h2>\n\n<p>We strive to provide up-to-date and accurate information. However, some errors may remain.<br\/>The site may change at any time without notice.<\/p>\n\n<h2 class=\"wp-block-heading\"><strong>4. Reservations and pricing information<\/strong><\/h2>\n\n<p>The website may contain information about rates, availability, or services offered by the lodge. This information is provided for informational purposes only and is subject to change. All reservations must be confirmed directly with G\u00eete Pont de Crillon.<\/p>\n\n<h2 class=\"wp-block-heading\"><strong>5. External links<\/strong><\/h2>\n\n<p>The site may contain links to third-party sites.<br\/>We are not responsible for their content or privacy policies.<\/p>\n\n<h2 class=\"wp-block-heading\"><strong>6. Intellectual property<\/strong><\/h2>\n\n<p>All elements of the site are protected by copyright. Any reuse requires prior written permission.<\/p>\n\n<h2 class=\"wp-block-heading\"><strong>7. Responsibilities<\/strong><\/h2>\n\n<p>G\u00eete Pont de Crillon cannot be held liable for:<\/p>\n\n<ul class=\"wp-block-list\">\n<li>In the event of an error or omission in the contents<\/li>\n\n\n\n<li>In the event of an interruption or problem with loading<\/li>\n\n\n\n<li>In the event of damage related to the use of the site (viruses, loss of data, etc.)<\/li>\n<\/ul>\n\n<h2 class=\"wp-block-heading\"><strong>8. Modification of the Terms of Use<\/strong><\/h2>\n\n<p>They may be modified at any time.<br\/>The online version is authoritative.<\/p>\n\n<!-- Legal document generated by Complianz | GDPR\/CCPA Cookie Consent https:\/\/wordpress.org\/plugins\/complianz-gdpr -->\n<div id=\"cmplz-document\" class=\"cmplz-document impressum cmplz-document-all\"><\/div>\n\n<!-- Legal document generated by Complianz | GDPR\/CCPA Cookie Consent https:\/\/wordpress.org\/plugins\/complianz-gdpr -->\n<div id=\"cmplz-document\" class=\"cmplz-document impressum cmplz-document-all\"><\/div>\nRegion ALL not activated for conditions-generales.\n","protected":false},"excerpt":{"rendered":"<p>1. Purpose These Terms of Use govern the use of the G\u00eete Pont de Crillon website. By browsing the site, you fully accept these terms and conditions. 2. Access to the site Le site est accessible 24h\/24 et 7j\/7, sauf en cas de maintenance ou d\u2019\u00e9v\u00e9nement ind\u00e9pendant de notre volont\u00e9.The G\u00eete Pont de Crillon cannot [&hellip;]<\/p>\n","protected":false},"author":2,"featured_media":0,"parent":0,"menu_order":0,"comment_status":"closed","ping_status":"closed","template":"","meta":{"footnotes":""},"class_list":["post-687","page","type-page","status-publish","hentry"],"yoast_head":"<!-- This site is optimized with the Yoast SEO plugin v27.3 - https:\/\/yoast.com\/product\/yoast-seo-wordpress\/ -->\n<title>Terms and Conditions of Use - Gite Pont de Crillon<\/title>\n<meta name=\"robots\" content=\"index, follow, max-snippet:-1, max-image-preview:large, max-video-preview:-1\" \/>\n<link rel=\"canonical\" href=\"https:\/\/gitepontdecrillon.com\/en\/terms-and-conditions-of-use\/\" \/>\n<meta property=\"og:locale\" content=\"en_US\" \/>\n<meta property=\"og:type\" content=\"article\" \/>\n<meta property=\"og:title\" content=\"Terms and Conditions of Use - Gite Pont de Crillon\" \/>\n<meta property=\"og:description\" content=\"1. Purpose These Terms of Use govern the use of the G\u00eete Pont de Crillon website. By browsing the site, you fully accept these terms and conditions. 2. Access to the site Le site est accessible 24h\/24 et 7j\/7, sauf en cas de maintenance ou d\u2019\u00e9v\u00e9nement ind\u00e9pendant de notre volont\u00e9.The G\u00eete Pont de Crillon cannot [&hellip;]\" \/>\n<meta property=\"og:url\" content=\"https:\/\/gitepontdecrillon.com\/en\/terms-and-conditions-of-use\/\" \/>\n<meta property=\"og:site_name\" content=\"Gite Pont de Crillon\" \/>\n<meta property=\"article:modified_time\" content=\"2026-03-12T12:40:58+00:00\" \/>\n<meta name=\"twitter:card\" content=\"summary_large_image\" \/>\n<meta name=\"twitter:label1\" content=\"Est. reading time\" \/>\n\t<meta name=\"twitter:data1\" content=\"1 minute\" \/>\n<script type=\"application\/ld+json\" class=\"yoast-schema-graph\">{\"@context\":\"https:\\\/\\\/schema.org\",\"@graph\":[{\"@type\":\"WebPage\",\"@id\":\"https:\\\/\\\/gitepontdecrillon.com\\\/en\\\/terms-and-conditions-of-use\\\/\",\"url\":\"https:\\\/\\\/gitepontdecrillon.com\\\/en\\\/terms-and-conditions-of-use\\\/\",\"name\":\"Terms and Conditions of Use - Gite Pont de Crillon\",\"isPartOf\":{\"@id\":\"https:\\\/\\\/gitepontdecrillon.com\\\/en\\\/#website\"},\"datePublished\":\"2025-12-09T09:01:19+00:00\",\"dateModified\":\"2026-03-12T12:40:58+00:00\",\"breadcrumb\":{\"@id\":\"https:\\\/\\\/gitepontdecrillon.com\\\/en\\\/terms-and-conditions-of-use\\\/#breadcrumb\"},\"inLanguage\":\"en-US\",\"potentialAction\":[{\"@type\":\"ReadAction\",\"target\":[\"https:\\\/\\\/gitepontdecrillon.com\\\/en\\\/terms-and-conditions-of-use\\\/\"]}]},{\"@type\":\"BreadcrumbList\",\"@id\":\"https:\\\/\\\/gitepontdecrillon.com\\\/en\\\/terms-and-conditions-of-use\\\/#breadcrumb\",\"itemListElement\":[{\"@type\":\"ListItem\",\"position\":1,\"name\":\"Accueil\",\"item\":\"https:\\\/\\\/gitepontdecrillon.com\\\/en\\\/home-page\\\/\"},{\"@type\":\"ListItem\",\"position\":2,\"name\":\"Terms and Conditions of Use\"}]},{\"@type\":\"WebSite\",\"@id\":\"https:\\\/\\\/gitepontdecrillon.com\\\/en\\\/#website\",\"url\":\"https:\\\/\\\/gitepontdecrillon.com\\\/en\\\/\",\"name\":\"Gite Pont de Crillon\",\"description\":\"G\u00eete familial avec piscine dans un ancien moulin de Provence\",\"publisher\":{\"@id\":\"https:\\\/\\\/gitepontdecrillon.com\\\/en\\\/#organization\"},\"potentialAction\":[{\"@type\":\"SearchAction\",\"target\":{\"@type\":\"EntryPoint\",\"urlTemplate\":\"https:\\\/\\\/gitepontdecrillon.com\\\/en\\\/?s={search_term_string}\"},\"query-input\":{\"@type\":\"PropertyValueSpecification\",\"valueRequired\":true,\"valueName\":\"search_term_string\"}}],\"inLanguage\":\"en-US\"},{\"@type\":\"Organization\",\"@id\":\"https:\\\/\\\/gitepontdecrillon.com\\\/en\\\/#organization\",\"name\":\"Gite Pont de Crillon\",\"url\":\"https:\\\/\\\/gitepontdecrillon.com\\\/en\\\/\",\"logo\":{\"@type\":\"ImageObject\",\"inLanguage\":\"en-US\",\"@id\":\"https:\\\/\\\/gitepontdecrillon.com\\\/en\\\/#\\\/schema\\\/logo\\\/image\\\/\",\"url\":\"https:\\\/\\\/gitepontdecrillon.com\\\/wp-content\\\/uploads\\\/2025\\\/12\\\/MOULIN-PONT-DE-CRILLON.png\",\"contentUrl\":\"https:\\\/\\\/gitepontdecrillon.com\\\/wp-content\\\/uploads\\\/2025\\\/12\\\/MOULIN-PONT-DE-CRILLON.png\",\"width\":500,\"height\":500,\"caption\":\"Gite Pont de Crillon\"},\"image\":{\"@id\":\"https:\\\/\\\/gitepontdecrillon.com\\\/en\\\/#\\\/schema\\\/logo\\\/image\\\/\"}}]}<\/script>\n<!-- \/ Yoast SEO plugin. -->","yoast_head_json":{"title":"Terms and Conditions of Use - Gite Pont de Crillon","robots":{"index":"index","follow":"follow","max-snippet":"max-snippet:-1","max-image-preview":"max-image-preview:large","max-video-preview":"max-video-preview:-1"},"canonical":"https:\/\/gitepontdecrillon.com\/en\/terms-and-conditions-of-use\/","og_locale":"en_US","og_type":"article","og_title":"Terms and Conditions of Use - Gite Pont de Crillon","og_description":"1. Purpose These Terms of Use govern the use of the G\u00eete Pont de Crillon website. By browsing the site, you fully accept these terms and conditions. 2. Access to the site Le site est accessible 24h\/24 et 7j\/7, sauf en cas de maintenance ou d\u2019\u00e9v\u00e9nement ind\u00e9pendant de notre volont\u00e9.The G\u00eete Pont de Crillon cannot [&hellip;]","og_url":"https:\/\/gitepontdecrillon.com\/en\/terms-and-conditions-of-use\/","og_site_name":"Gite Pont de Crillon","article_modified_time":"2026-03-12T12:40:58+00:00","twitter_card":"summary_large_image","twitter_misc":{"Est. reading time":"1 minute"},"schema":{"@context":"https:\/\/schema.org","@graph":[{"@type":"WebPage","@id":"https:\/\/gitepontdecrillon.com\/en\/terms-and-conditions-of-use\/","url":"https:\/\/gitepontdecrillon.com\/en\/terms-and-conditions-of-use\/","name":"Terms and Conditions of Use - Gite Pont de Crillon","isPartOf":{"@id":"https:\/\/gitepontdecrillon.com\/en\/#website"},"datePublished":"2025-12-09T09:01:19+00:00","dateModified":"2026-03-12T12:40:58+00:00","breadcrumb":{"@id":"https:\/\/gitepontdecrillon.com\/en\/terms-and-conditions-of-use\/#breadcrumb"},"inLanguage":"en-US","potentialAction":[{"@type":"ReadAction","target":["https:\/\/gitepontdecrillon.com\/en\/terms-and-conditions-of-use\/"]}]},{"@type":"BreadcrumbList","@id":"https:\/\/gitepontdecrillon.com\/en\/terms-and-conditions-of-use\/#breadcrumb","itemListElement":[{"@type":"ListItem","position":1,"name":"Accueil","item":"https:\/\/gitepontdecrillon.com\/en\/home-page\/"},{"@type":"ListItem","position":2,"name":"Terms and Conditions of Use"}]},{"@type":"WebSite","@id":"https:\/\/gitepontdecrillon.com\/en\/#website","url":"https:\/\/gitepontdecrillon.com\/en\/","name":"Gite Pont de Crillon","description":"G\u00eete familial avec piscine dans un ancien moulin de Provence","publisher":{"@id":"https:\/\/gitepontdecrillon.com\/en\/#organization"},"potentialAction":[{"@type":"SearchAction","target":{"@type":"EntryPoint","urlTemplate":"https:\/\/gitepontdecrillon.com\/en\/?s={search_term_string}"},"query-input":{"@type":"PropertyValueSpecification","valueRequired":true,"valueName":"search_term_string"}}],"inLanguage":"en-US"},{"@type":"Organization","@id":"https:\/\/gitepontdecrillon.com\/en\/#organization","name":"Gite Pont de Crillon","url":"https:\/\/gitepontdecrillon.com\/en\/","logo":{"@type":"ImageObject","inLanguage":"en-US","@id":"https:\/\/gitepontdecrillon.com\/en\/#\/schema\/logo\/image\/","url":"https:\/\/gitepontdecrillon.com\/wp-content\/uploads\/2025\/12\/MOULIN-PONT-DE-CRILLON.png","contentUrl":"https:\/\/gitepontdecrillon.com\/wp-content\/uploads\/2025\/12\/MOULIN-PONT-DE-CRILLON.png","width":500,"height":500,"caption":"Gite Pont de Crillon"},"image":{"@id":"https:\/\/gitepontdecrillon.com\/en\/#\/schema\/logo\/image\/"}}]}},"_links":{"self":[{"href":"https:\/\/gitepontdecrillon.com\/en\/wp-json\/wp\/v2\/pages\/687","targetHints":{"allow":["GET"]}}],"collection":[{"href":"https:\/\/gitepontdecrillon.com\/en\/wp-json\/wp\/v2\/pages"}],"about":[{"href":"https:\/\/gitepontdecrillon.com\/en\/wp-json\/wp\/v2\/types\/page"}],"author":[{"embeddable":true,"href":"https:\/\/gitepontdecrillon.com\/en\/wp-json\/wp\/v2\/users\/2"}],"replies":[{"embeddable":true,"href":"https:\/\/gitepontdecrillon.com\/en\/wp-json\/wp\/v2\/comments?post=687"}],"version-history":[{"count":1,"href":"https:\/\/gitepontdecrillon.com\/en\/wp-json\/wp\/v2\/pages\/687\/revisions"}],"predecessor-version":[{"id":688,"href":"https:\/\/gitepontdecrillon.com\/en\/wp-json\/wp\/v2\/pages\/687\/revisions\/688"}],"wp:attachment":[{"href":"https:\/\/gitepontdecrillon.com\/en\/wp-json\/wp\/v2\/media?parent=687"}],"curies":[{"name":"wp","href":"https:\/\/api.w.org\/{rel}","templated":true}]}}